{"id":593,"date":"2023-04-08T17:13:59","date_gmt":"2023-04-08T17:13:59","guid":{"rendered":"https:\/\/bowlingclub.info\/?page_id=593"},"modified":"2023-04-08T17:20:33","modified_gmt":"2023-04-08T17:20:33","slug":"system-cats","status":"publish","type":"page","link":"https:\/\/bowlingclub.info\/?page_id=593","title":{"rendered":"System CATS"},"content":{"rendered":"\t\t<div data-elementor-type=\"wp-page\" data-elementor-id=\"593\" class=\"elementor elementor-593\">\n\t\t\t\t<div class=\"elementor-element elementor-element-8882442 e-flex e-con-boxed e-con e-parent\" data-id=\"8882442\" data-element_type=\"container\">\n\t\t\t\t\t<div class=\"e-con-inner\">\n\t\t\t\t<div class=\"elementor-element elementor-element-eb74871 elementor-widget elementor-widget-text-editor\" data-id=\"eb74871\" data-element_type=\"widget\" data-widget_type=\"text-editor.default\">\n\t\t\t\t<div class=\"elementor-widget-container\">\n\t\t\t\t\t\t\t<p style=\"font-weight: 400;\"><span style=\"font-style: inherit; font-weight: inherit;\">Pierwsze w Polsce i jedno z niewielu w \u015awiecie Centrum Treningowe z najnowszym Systemem C.A.T.S. firmy Kegel USA oficjalnie zosta\u0142o otwarte w Lesznie.<\/span><\/p><p style=\"font-weight: 400;\"><img fetchpriority=\"high\" decoding=\"async\" class=\"alignnone size-medium wp-image-600\" src=\"http:\/\/bowlingclub.info\/wp-content\/uploads\/2023\/04\/2013-11-19-17.19.06-300x219.jpg\" alt=\"\" width=\"300\" height=\"219\" srcset=\"https:\/\/bowlingclub.info\/wp-content\/uploads\/2023\/04\/2013-11-19-17.19.06-300x219.jpg 300w, https:\/\/bowlingclub.info\/wp-content\/uploads\/2023\/04\/2013-11-19-17.19.06.jpg 433w\" sizes=\"(max-width: 300px) 100vw, 300px\" \/><\/p><p style=\"font-weight: 400;\"><span style=\"font-style: inherit; font-weight: inherit;\">W USA system C.A.T.S. jest zamontowany na oko\u0142o 15 kr\u0119gielniach ale 2 tory- jak w Lesznie i wi\u0119cej posiadaj\u0105 tylko trzy obiekty. Firma Storm i Ebonite posiada po 2 tory gdzie testuj\u0105 dok\u0142adnie swoje produkty zanim trafi\u0105 na rynek oraz 12 tor\u00f3w w Kegel Trening Center na Florydzie gdzie korzystaj\u0105 z niego najlepsi zawodnicy \u015bwiata graj\u0105cy w PBA. Jako ciekawostk\u0119 mog\u0119 doda\u0107, \u017ce studenci Webber International University najlepszej uczelni Bowlingowej w USA, gdzie r\u00f3wnie\u017c studiuje Daria Paj\u0105k, maj\u0105 obowi\u0105zek trenowania 6 dni w tygodniu na systemie C.A.T.S. W Europie w chwili obecnej podobny system posiadaj\u0105 tylko Holendrzy w Kegel Trening Center Europe i Szwedzi (od tygodnia). Starsza wersja systemu , bez mo\u017cliwo\u015bci okre\u015blenia EXIT POINT znajduj\u0119 si\u0119 w Kuortane w Finlandii (1 tor) oraz kolejne 2 tory w Szwecji.<\/span><\/p><p><img decoding=\"async\" class=\"alignnone size-medium wp-image-599\" src=\"http:\/\/bowlingclub.info\/wp-content\/uploads\/2023\/04\/2013-11-18-19.11.52-300x203.jpg\" alt=\"\" width=\"300\" height=\"203\" srcset=\"https:\/\/bowlingclub.info\/wp-content\/uploads\/2023\/04\/2013-11-18-19.11.52-300x203.jpg 300w, https:\/\/bowlingclub.info\/wp-content\/uploads\/2023\/04\/2013-11-18-19.11.52.jpg 497w\" sizes=\"(max-width: 300px) 100vw, 300px\" \/><\/p><p style=\"font-weight: 400;\"><span style=\"font-style: inherit; font-weight: inherit;\">Czym jest ten system najlepiej przedstawi\u0142 Dick Evans jeden z najbardziej szanowanych znawc\u00f3w bowlingu w USA por\u00f3wnuj\u0105c C.A.T.S. do doktora, kt\u00f3ry diagnozuje gracza i nast\u0119pnie pokazuje nad czym musi jeszcze popracowa\u0107 aby doj\u015b\u0107 do perfekcji. System sk\u0142ada si\u0119 z kilku czujnik\u00f3w rozmieszczonych na torze i komputera centralnego, kt\u00f3ry natychmiast po rzucie wy\u015bwietla takie dane jak:<\/span><\/p><ol><li style=\"font-weight: 400;\"><span style=\"font-style: inherit; font-weight: inherit;\"> Miejsce po\u0142o\u017cenia kuli z dok\u0142adno\u015bci\u0105 do 1\/100 klepki (Laydown Point),<\/span><\/li><li style=\"font-weight: 400;\"><span style=\"font-style: inherit; font-weight: inherit;\"> Pr\u0119dko\u015b\u0107 pocz\u0105tkow\u0105 kuli (Launch Speed),<\/span><\/li><li style=\"font-weight: 400;\"><span style=\"font-style: inherit; font-weight: inherit;\"> K\u0105t wyrzutu kuli (Launch Angle),<\/span><\/li><li style=\"font-weight: 400;\"><span style=\"font-style: inherit; font-weight: inherit;\"> Pozycja kuli na strza\u0142kach czyli 15 stopie (Arrow Position),<\/span><\/li><li style=\"font-weight: 400;\"><span style=\"font-style: inherit; font-weight: inherit;\"> Pr\u0119dko\u015b\u0107 kuli na midlane (Mid Speed),<\/span><\/li><li style=\"font-weight: 400;\"><span style=\"font-style: inherit; font-weight: inherit;\"> K\u0105t kuli na midlane (Mid Angle),<\/span><\/li><li style=\"font-weight: 400;\"><span style=\"font-style: inherit; font-weight: inherit;\"> Pozycja kuli na wyj\u015bciu z oleju (Exit Point),<\/span><\/li><li style=\"font-weight: 400;\"><span style=\"font-style: inherit; font-weight: inherit;\"> Odleg\u0142o\u015b\u0107 w stopach Break Pointa (Break Point Distance),<\/span><\/li><li style=\"font-weight: 400;\"><span style=\"font-style: inherit; font-weight: inherit;\"> Pozycja kuli na Break Point (Break Point Board),<\/span><\/li><li style=\"font-weight: 400;\"><span style=\"font-style: inherit; font-weight: inherit;\"> Pr\u0119dko\u015b\u0107 kuli na wej\u015bciu w kr\u0119gle (Entry Speed),<\/span><\/li><li style=\"font-weight: 400;\"><span style=\"font-style: inherit; font-weight: inherit;\"> K\u0105t wej\u015bcia kuli w kr\u0119gle (Entry Angle),<\/span><\/li><li style=\"font-weight: 400;\"><span style=\"font-style: inherit; font-weight: inherit;\"> Pocz\u0105tkowa ilo\u015b\u0107 obrot\u00f3w kuli (RPM),<\/span><\/li><\/ol><p><img decoding=\"async\" class=\"alignnone size-medium wp-image-599\" src=\"http:\/\/bowlingclub.info\/wp-content\/uploads\/2023\/04\/2013-11-18-19.11.52-300x203.jpg\" alt=\"\" width=\"300\" height=\"203\" srcset=\"https:\/\/bowlingclub.info\/wp-content\/uploads\/2023\/04\/2013-11-18-19.11.52-300x203.jpg 300w, https:\/\/bowlingclub.info\/wp-content\/uploads\/2023\/04\/2013-11-18-19.11.52.jpg 497w\" sizes=\"(max-width: 300px) 100vw, 300px\" \/><\/p><p style=\"font-weight: 400;\"><span style=\"font-style: inherit; font-weight: inherit;\">Dane, kt\u00f3re przedstawia nam System mog\u0105 pos\u0142u\u017cy\u0107 zawodnikowi czy te\u017c trenerowi do wyznaczania r\u00f3\u017cnego rodzaju trening\u00f3w mi\u0119dzy innymi:<\/span><\/p><p style=\"font-weight: 400;\"><span style=\"font-style: inherit; font-weight: inherit;\">&#8211; treningi celno\u015bci po\u0142o\u017cenia kuli, celno\u015bci rzutu na strza\u0142ki, uzyskiwanie odpowiedniego k\u0105ta wej\u015bcia kuli w kr\u0119gle(Entry Angle) minimalizuj\u0105c w ten spos\u00f3b pozostawianie kr\u0119gla nr. 10,\u00a0\u00a0trening spare-\u00f3w,<\/span><\/p><p style=\"font-weight: 400;\"><span style=\"font-style: inherit; font-weight: inherit;\">&#8211; trening powtarzalno\u015bci pr\u0119dko\u015bci kuli , powtarzalno\u015bci liczby obrot\u00f3w, powtarzalnych zmian pr\u0119dko\u015bci kuli oraz zmian obrot\u00f3w,<\/span><\/p><p style=\"font-weight: 400;\"><span style=\"font-style: inherit; font-weight: inherit;\">&#8211; NOWO\u015aCI\u0104 w systemie C.A.T.S. jest mo\u017cliwo\u015b\u0107 nauki szukania i trafiania w Exit Point przy r\u00f3\u017cnych d\u0142ugo\u015bciach smarowa\u0144. Umiej\u0119tno\u015b\u0107 samodzielnego wyznaczania Exit Point jest obecnie jedyn\u0105 sprawdzon\u0105 recept\u0105 grania na sportowych smarowaniach.<\/span><\/p><p><img decoding=\"async\" class=\"alignnone size-medium wp-image-598\" src=\"http:\/\/bowlingclub.info\/wp-content\/uploads\/2023\/04\/2013-11-28-10.39.52-300x275.jpg\" alt=\"\" width=\"300\" height=\"275\" srcset=\"https:\/\/bowlingclub.info\/wp-content\/uploads\/2023\/04\/2013-11-28-10.39.52-300x275.jpg 300w, https:\/\/bowlingclub.info\/wp-content\/uploads\/2023\/04\/2013-11-28-10.39.52.jpg 367w\" sizes=\"(max-width: 300px) 100vw, 300px\" \/><\/p><p>System C.A.T.S jest bardzo pomocny dla zawodnika i wiertacza podczas doboru kul i lay-out\u00f3w do r\u00f3\u017cnych rodzaj\u00f3w tor\u00f3w i smarowa\u0144. Na podstawie danych i wykresu toru kuli mo\u017cemy okre\u015bli\u0107 jak mocno i w jakich cz\u0119\u015bciach toru kula reaguje, z jak\u0105 pr\u0119dko\u015bci\u0105 i pod jakim k\u0105tem wchodzi w piny oraz czy osi\u0105gn\u0119\u0142a faz\u0119 roll ,czy wesz\u0142a w hooku bez energii .<\/p><p><img loading=\"lazy\" decoding=\"async\" class=\"alignnone size-medium wp-image-597\" src=\"http:\/\/bowlingclub.info\/wp-content\/uploads\/2023\/04\/2013-11-19-17.00.30A-300x99.jpg\" alt=\"\" width=\"300\" height=\"99\" srcset=\"https:\/\/bowlingclub.info\/wp-content\/uploads\/2023\/04\/2013-11-19-17.00.30A-300x99.jpg 300w, https:\/\/bowlingclub.info\/wp-content\/uploads\/2023\/04\/2013-11-19-17.00.30A.jpg 500w\" sizes=\"(max-width: 300px) 100vw, 300px\" \/><\/p><p style=\"font-weight: 400;\"><span style=\"font-style: inherit; font-weight: inherit;\">Kolejn\u0105 nowo\u015bci\u0105 jest mo\u017cliwo\u015b\u0107 drukowania dok\u0142adnego raportu z ka\u017cdej cz\u0119\u015bci sesji treningowej wraz z opisem jednego z trener\u00f3w USBC Golden-Level Coach pracuj\u0105cych w Kegel Training Center w USA. Raport zawiera dodatkowo tabel\u0119 gdzie mo\u017cemy okre\u015bli\u0107 dok\u0142adnie na jakim poziomie zaawansowania jeste\u015bmy w danym momencie i nad czym musimy jeszcze popracowa\u0107.<\/span><\/p><p style=\"font-weight: 400;\">\u00a0<\/p><p style=\"font-weight: 400;\"><span style=\"font-style: inherit; font-weight: inherit;\">Na temat tego systemu mo\u017cna by napisa\u0107 wiele ciekawych artyku\u0142\u00f3w a wy\u017cej wymienione aspekty treningu nie wyczerpuj\u0105 wszystkich mo\u017cliwo\u015bci tego urz\u0105dzenia. Wszystkich ch\u0119tnych kt\u00f3rzy chcieliby udoskonali\u0107 swoje umiej\u0119tno\u015bci i przetestowa\u0107 sw\u00f3j arsena\u0142 kul na r\u00f3\u017cnych smarowaniach namawiam do odwiedzenia Centrum Treningowego Bowling Clubu w Lesznie. Zapraszam r\u00f3wnie\u017c na odbywaj\u0105ce si\u0119 cyklicznie sesje treningowe z trenerem ETBF LEVEL III Paw\u0142em Pasternakiem, kt\u00f3ry uzyskane z systemu C.A.T.S. dane przeanalizuje i pomo\u017ce w poprawie poszczeg\u00f3lnych parametr\u00f3w.<\/span><\/p><p><img loading=\"lazy\" decoding=\"async\" class=\"alignnone size-medium wp-image-596\" src=\"http:\/\/bowlingclub.info\/wp-content\/uploads\/2023\/04\/20131119.171124A-210x300.jpg\" alt=\"\" width=\"210\" height=\"300\" srcset=\"https:\/\/bowlingclub.info\/wp-content\/uploads\/2023\/04\/20131119.171124A-210x300.jpg 210w, https:\/\/bowlingclub.info\/wp-content\/uploads\/2023\/04\/20131119.171124A.jpg 250w\" sizes=\"(max-width: 210px) 100vw, 210px\" \/><\/p><p>Rezerwacji tor\u00f3w prosz\u0119 dokonywa\u0107 pod Tel.\u00a0<strong>65 5204574<\/strong>. Serdecznie\u00a0\u00a0zapraszamy!!!<\/p>\t\t\t\t\t\t<\/div>\n\t\t\t\t<\/div>\n\t\t\t\t\t<\/div>\n\t\t\t\t<\/div>\n\t\t\t\t<\/div>\n\t\t","protected":false},"excerpt":{"rendered":"<p>Pierwsze w Polsce i jedno z niewielu w \u015awiecie Centrum Treningowe z najnowszym Systemem C.A.T.S. firmy Kegel USA oficjalnie zosta\u0142o otwarte w Lesznie. W USA system C.A.T.S. jest zamontowany na oko\u0142o 15 kr\u0119gielniach ale 2 tory- jak w Lesznie i wi\u0119cej posiadaj\u0105 tylko trzy obiekty. Firma Storm i Ebonite posiada po 2 tory gdzie testuj\u0105 [&hellip;]<\/p>\n","protected":false},"author":1,"featured_media":0,"parent":0,"menu_order":0,"comment_status":"closed","ping_status":"closed","template":"","meta":{"ngg_post_thumbnail":0,"footnotes":""},"class_list":["post-593","page","type-page","status-publish","hentry"],"_links":{"self":[{"href":"https:\/\/bowlingclub.info\/index.php?rest_route=\/wp\/v2\/pages\/593","targetHints":{"allow":["GET"]}}],"collection":[{"href":"https:\/\/bowlingclub.info\/index.php?rest_route=\/wp\/v2\/pages"}],"about":[{"href":"https:\/\/bowlingclub.info\/index.php?rest_route=\/wp\/v2\/types\/page"}],"author":[{"embeddable":true,"href":"https:\/\/bowlingclub.info\/index.php?rest_route=\/wp\/v2\/users\/1"}],"replies":[{"embeddable":true,"href":"https:\/\/bowlingclub.info\/index.php?rest_route=%2Fwp%2Fv2%2Fcomments&post=593"}],"version-history":[{"count":4,"href":"https:\/\/bowlingclub.info\/index.php?rest_route=\/wp\/v2\/pages\/593\/revisions"}],"predecessor-version":[{"id":603,"href":"https:\/\/bowlingclub.info\/index.php?rest_route=\/wp\/v2\/pages\/593\/revisions\/603"}],"wp:attachment":[{"href":"https:\/\/bowlingclub.info\/index.php?rest_route=%2Fwp%2Fv2%2Fmedia&parent=593"}],"curies":[{"name":"wp","href":"https:\/\/api.w.org\/{rel}","templated":true}]}}