{"id":531,"date":"2023-04-08T16:18:17","date_gmt":"2023-04-08T16:18:17","guid":{"rendered":"https:\/\/bowlingclub.info\/?page_id=531"},"modified":"2023-04-08T17:13:08","modified_gmt":"2023-04-08T17:13:08","slug":"rezerwacje","status":"publish","type":"page","link":"https:\/\/bowlingclub.info\/?page_id=531","title":{"rendered":"Rezerwacje"},"content":{"rendered":"\t\t<div data-elementor-type=\"wp-page\" data-elementor-id=\"531\" class=\"elementor elementor-531\">\n\t\t\t\t<div class=\"elementor-element elementor-element-21bec94 e-flex e-con-boxed e-con e-parent\" data-id=\"21bec94\" data-element_type=\"container\">\n\t\t\t\t\t<div class=\"e-con-inner\">\n\t\t\t\t<div class=\"elementor-element elementor-element-b49b6c8 elementor-widget elementor-widget-text-editor\" data-id=\"b49b6c8\" data-element_type=\"widget\" data-widget_type=\"text-editor.default\">\n\t\t\t\t<div class=\"elementor-widget-container\">\n\t\t\t\t\t\t\t<table style=\"font-weight: 400;\"><tbody><tr><td width=\"60%\"><p style=\"font-style: inherit; font-weight: inherit;\"><b><strong style=\"font-style: inherit;\"><span style=\"font-style: inherit; font-weight: inherit;\">Dzie\u0144 tygodnia<\/span><\/strong><\/b><\/p><\/td><td width=\"39%\"><p style=\"font-style: inherit; font-weight: inherit;\"><b><strong style=\"font-style: inherit;\"><span style=\"font-style: inherit; font-weight: inherit;\">Godziny otwarcia<\/span><\/strong><\/b><\/p><\/td><\/tr><tr><td width=\"60%\"><p style=\"font-style: inherit; font-weight: inherit;\"><span style=\"font-style: inherit; font-weight: inherit;\">Poniedzia\u0142ek\u00a0<\/span><span style=\"font-style: inherit; font-weight: inherit;\">\u2013 Czwartek<\/span><\/p><\/td><td width=\"39%\"><p style=\"font-style: inherit; font-weight: inherit;\"><span style=\"font-style: inherit; font-weight: inherit;\">od 16:00 do 22:00<\/span><\/p><\/td><\/tr><tr><td width=\"60%\"><p style=\"font-style: inherit; font-weight: inherit;\"><span style=\"font-style: inherit; font-weight: inherit;\">Pi\u0105tek<\/span><\/p><\/td><td width=\"39%\"><p style=\"font-style: inherit; font-weight: inherit;\"><span style=\"font-style: inherit; font-weight: inherit;\">od 16:00 do 23:00<\/span><\/p><\/td><\/tr><tr><td width=\"60%\"><p style=\"font-style: inherit; font-weight: inherit;\"><span style=\"font-style: inherit; font-weight: inherit;\">Sobota<\/span><\/p><\/td><td width=\"39%\"><p style=\"font-style: inherit; font-weight: inherit;\"><span style=\"font-style: inherit; font-weight: inherit;\">od 14:00 do 23:00<\/span><\/p><\/td><\/tr><tr><td width=\"60%\"><p style=\"font-style: inherit; font-weight: inherit;\"><span style=\"font-style: inherit; font-weight: inherit;\">Niedziela<\/span><\/p><\/td><td width=\"39%\"><p style=\"font-style: inherit; font-weight: inherit;\"><span style=\"font-style: inherit; font-weight: inherit;\">od 14:00 do 22:00<\/span><\/p><\/td><\/tr><tr><td colspan=\"2\" width=\"100%\"><p style=\"font-style: inherit; font-weight: inherit;\"><span style=\"font-style: inherit; font-weight: inherit;\">Organizujemy r\u00f3wnie\u017c imprezy okoliczno\u015bciowe.<\/span><\/p><\/td><\/tr><\/tbody><\/table><p style=\"font-weight: 400;\"><span style=\"font-style: inherit; font-weight: inherit;\"><b><strong style=\"font-style: inherit;\">\u00a0<\/strong><\/b><\/span><\/p><p style=\"font-weight: 400;\"><span style=\"font-style: inherit; font-weight: inherit;\"><b><strong style=\"font-style: inherit;\">\u00a0BOWLING CLUB s.c.<\/strong><\/b><br \/><\/span><\/p><ol><li style=\"font-weight: 400;\"><span style=\"font-style: inherit; font-weight: inherit;\"><b><strong style=\"font-style: inherit;\"> Niepodleg\u0142o\u015bci 70, 64-100 Leszno<\/strong><\/b><br \/><\/span><\/li><\/ol><p style=\"font-weight: 400;\"><span style=\"font-style: inherit; font-weight: inherit;\"><b><strong style=\"font-style: inherit;\">Konto bankowe: mBank &#8211; 43 1140 2017 0000 4702 0974 5318<\/strong><\/b><br \/><\/span><\/p><p style=\"font-weight: 400;\"><span style=\"font-style: inherit; font-weight: inherit;\">\u00a0<\/span><\/p><p style=\"font-weight: 400;\"><span style=\"font-style: inherit; font-weight: inherit;\">Rezerwacje przyjmujemy telefonicznie pod numerem:<\/span><\/p><p style=\"font-weight: 400;\"><b><strong style=\"font-style: inherit;\"><span style=\"font-style: inherit; font-weight: inherit;\">(65) 520 45 74<\/span><\/strong><\/b><\/p><p style=\"font-weight: 400;\"><span style=\"font-style: inherit; font-weight: inherit;\">lub<\/span><\/p><p style=\"font-weight: 400;\"><span style=\"font-style: inherit; font-weight: inherit;\">osobi\u015bcie w siedzibie firmy<\/span><\/p><p style=\"font-weight: 400;\"><span style=\"font-style: inherit; font-weight: inherit;\">\u00a0<\/span><\/p><p style=\"font-weight: 400;\"><span style=\"font-style: inherit; font-weight: inherit;\">REGULAMIN REZERWACJI<\/span><\/p><ol><li style=\"font-weight: 400;\"><b><\/b><span style=\"font-style: inherit; font-weight: inherit;\">Rezerwacje na gry w bowling mog\u0105 by\u0107 zg\u0142aszane telefonicznie lub osobi\u015bcie po podaniu imienia i nazwiska osoby rezerwuj\u0105cej oraz numeru telefonu kontaktowego.<br \/><b><strong style=\"font-style: inherit;\">2.<\/strong><\/b>Rezerwacje rozpoczynaj\u0105 si\u0119 o pe\u0142nych godzinach.<br \/><b><strong style=\"font-style: inherit;\">3.<\/strong><\/b>\u00a0Rezerwacje przyjmowane s\u0105 na czas pe\u0142nej godziny (godzin).<br \/><b><strong style=\"font-style: inherit;\">4.<\/strong><\/b>\u00a0Nale\u017cy zg\u0142osi\u0107 si\u0119, co najmniej 15 minut przed planowan\u0105 godzin\u0105 start\u00f3w w celu potwierdzenia przybycia, dobrania w\u0142a\u015bciwego obuwia dla graczy oraz uzyskania niezb\u0119dnych instrukcji.<br \/><b><strong style=\"font-style: inherit;\">5.<\/strong><\/b>\u00a0Nieobecno\u015b\u0107 osoby rezerwuj\u0105cej o ustalonej godzinie, powoduje zwolnienie rezerwacji i mo\u017cliwo\u015b\u0107 sprzeda\u017cy toru.<br \/><b><strong style=\"font-style: inherit;\">6.<\/strong><\/b>\u00a0W przypadku poinformowania o op\u00f3\u017anieniu rozpocz\u0119cia gry lub przy braku takiej informacji, rezerwuj\u0105cy zobowi\u0105zuje si\u0119 do op\u0142acenia tor\u00f3w za niewykorzystany czas od godziny planowanej rezerwacji.<br \/><b><strong style=\"font-style: inherit;\">7.<\/strong><\/b>\u00a0Bowling Club S. C. nie odpowiada ze op\u00f3\u017anienia wynikaj\u0105ce z awarii technicznych bowlingu.<\/span><\/li><\/ol><p style=\"font-weight: 400;\"><span style=\"font-style: inherit; font-weight: inherit;\">\u00a0<\/span><\/p>\t\t\t\t\t\t<\/div>\n\t\t\t\t<\/div>\n\t\t\t\t\t<\/div>\n\t\t\t\t<\/div>\n\t\t\t\t<\/div>\n\t\t","protected":false},"excerpt":{"rendered":"<p>Dzie\u0144 tygodnia Godziny otwarcia Poniedzia\u0142ek\u00a0\u2013 Czwartek od 16:00 do 22:00 Pi\u0105tek od 16:00 do 23:00 Sobota od 14:00 do 23:00 Niedziela od 14:00 do 22:00 Organizujemy r\u00f3wnie\u017c imprezy okoliczno\u015bciowe. \u00a0 \u00a0BOWLING CLUB s.c. Niepodleg\u0142o\u015bci 70, 64-100 Leszno Konto bankowe: mBank &#8211; 43 1140 2017 0000 4702 0974 5318 \u00a0 Rezerwacje przyjmujemy telefonicznie pod numerem: (65) [&hellip;]<\/p>\n","protected":false},"author":1,"featured_media":0,"parent":0,"menu_order":0,"comment_status":"closed","ping_status":"closed","template":"","meta":{"ngg_post_thumbnail":0,"footnotes":""},"class_list":["post-531","page","type-page","status-publish","hentry"],"_links":{"self":[{"href":"https:\/\/bowlingclub.info\/index.php?rest_route=\/wp\/v2\/pages\/531","targetHints":{"allow":["GET"]}}],"collection":[{"href":"https:\/\/bowlingclub.info\/index.php?rest_route=\/wp\/v2\/pages"}],"about":[{"href":"https:\/\/bowlingclub.info\/index.php?rest_route=\/wp\/v2\/types\/page"}],"author":[{"embeddable":true,"href":"https:\/\/bowlingclub.info\/index.php?rest_route=\/wp\/v2\/users\/1"}],"replies":[{"embeddable":true,"href":"https:\/\/bowlingclub.info\/index.php?rest_route=%2Fwp%2Fv2%2Fcomments&post=531"}],"version-history":[{"count":4,"href":"https:\/\/bowlingclub.info\/index.php?rest_route=\/wp\/v2\/pages\/531\/revisions"}],"predecessor-version":[{"id":592,"href":"https:\/\/bowlingclub.info\/index.php?rest_route=\/wp\/v2\/pages\/531\/revisions\/592"}],"wp:attachment":[{"href":"https:\/\/bowlingclub.info\/index.php?rest_route=%2Fwp%2Fv2%2Fmedia&parent=531"}],"curies":[{"name":"wp","href":"https:\/\/api.w.org\/{rel}","templated":true}]}}