{"id":176,"date":"2023-01-14T23:43:29","date_gmt":"2023-01-14T23:43:29","guid":{"rendered":"https:\/\/bowlingclub.wki.pl\/?page_id=176"},"modified":"2024-10-31T13:09:16","modified_gmt":"2024-10-31T13:09:16","slug":"strona-startowa","status":"publish","type":"page","link":"https:\/\/bowlingclub.info\/","title":{"rendered":"Strona startowa"},"content":{"rendered":"\t\t<div data-elementor-type=\"wp-page\" data-elementor-id=\"176\" class=\"elementor elementor-176\">\n\t\t\t\t\t\t<section class=\"elementor-section elementor-top-section elementor-element elementor-element-b0e8da4 elementor-section-full_width elementor-section-stretched elementor-section-height-default elementor-section-height-default\" data-id=\"b0e8da4\" data-element_type=\"section\" data-settings=\"{&quot;stretch_section&quot;:&quot;section-stretched&quot;}\">\n\t\t\t\t\t\t<div class=\"elementor-container elementor-column-gap-no\">\n\t\t\t\t\t<div class=\"elementor-column elementor-col-100 elementor-top-column elementor-element elementor-element-777bb279\" data-id=\"777bb279\" data-element_type=\"column\">\n\t\t\t<div class=\"elementor-widget-wrap elementor-element-populated\">\n\t\t\t\t\t\t<div class=\"elementor-element elementor-element-3a4b18e9 elementor--h-position-center elementor--v-position-middle elementor-arrows-position-inside elementor-pagination-position-inside elementor-widget elementor-widget-slides\" data-id=\"3a4b18e9\" data-element_type=\"widget\" data-settings=\"{&quot;navigation&quot;:&quot;both&quot;,&quot;autoplay&quot;:&quot;yes&quot;,&quot;pause_on_hover&quot;:&quot;yes&quot;,&quot;pause_on_interaction&quot;:&quot;yes&quot;,&quot;autoplay_speed&quot;:5000,&quot;infinite&quot;:&quot;yes&quot;,&quot;transition&quot;:&quot;slide&quot;,&quot;transition_speed&quot;:500}\" data-widget_type=\"slides.default\">\n\t\t\t\t<div class=\"elementor-widget-container\">\n\t\t\t\t\t<div class=\"elementor-swiper\">\n\t\t\t<div class=\"elementor-slides-wrapper elementor-main-swiper swiper-container\" dir=\"ltr\" data-animation=\"fadeInUp\">\n\t\t\t\t<div class=\"swiper-wrapper elementor-slides\">\n\t\t\t\t\t\t\t\t\t\t<div class=\"elementor-repeater-item-86ae573 swiper-slide\"><div class=\"swiper-slide-bg\"><\/div><div class=\"swiper-slide-inner\" ><div class=\"swiper-slide-contents\"><\/div><\/div><\/div>\t\t\t\t<\/div>\n\t\t\t\t\t\t\t<\/div>\n\t\t<\/div>\n\t\t\t\t<\/div>\n\t\t\t\t<\/div>\n\t\t\t\t\t<\/div>\n\t\t<\/div>\n\t\t\t\t\t<\/div>\n\t\t<\/section>\n\t\t\t\t<section class=\"elementor-section elementor-top-section elementor-element elementor-element-8995321 elementor-section-full_width elementor-section-stretched elementor-section-height-default elementor-section-height-default\" data-id=\"8995321\" data-element_type=\"section\" data-settings=\"{&quot;stretch_section&quot;:&quot;section-stretched&quot;}\">\n\t\t\t\t\t\t<div class=\"elementor-container elementor-column-gap-no\">\n\t\t\t\t\t<div class=\"elementor-column elementor-col-100 elementor-top-column elementor-element elementor-element-03e7ae1\" data-id=\"03e7ae1\" data-element_type=\"column\">\n\t\t\t<div class=\"elementor-widget-wrap elementor-element-populated\">\n\t\t\t\t\t\t<div class=\"elementor-element elementor-element-99fab7f elementor-widget elementor-widget-template\" data-id=\"99fab7f\" data-element_type=\"widget\" data-widget_type=\"template.default\">\n\t\t\t\t<div class=\"elementor-widget-container\">\n\t\t\t\t\t<div class=\"elementor-template\">\n\t\t\t\t\t<div data-elementor-type=\"section\" data-elementor-id=\"354\" class=\"elementor elementor-354\">\n\t\t\t\t\t<div class=\"elementor-section-wrap\">\n\t\t\t\t\t\t\t\t<section class=\"elementor-section elementor-top-section elementor-element elementor-element-293573a9 elementor-section-boxed elementor-section-height-default elementor-section-height-default\" data-id=\"293573a9\" data-element_type=\"section\" data-settings=\"{&quot;background_background&quot;:&quot;classic&quot;}\">\n\t\t\t\t\t\t<div class=\"elementor-container elementor-column-gap-default\">\n\t\t\t\t\t<div class=\"elementor-column elementor-col-33 elementor-top-column elementor-element elementor-element-1fe20ffd\" data-id=\"1fe20ffd\" data-element_type=\"column\">\n\t\t\t<div class=\"elementor-widget-wrap elementor-element-populated\">\n\t\t\t\t\t\t<div class=\"elementor-element elementor-element-49055d8a e-transform elementor-widget elementor-widget-image\" data-id=\"49055d8a\" data-element_type=\"widget\" data-settings=\"{&quot;_transform_scale_effect_hover&quot;:{&quot;unit&quot;:&quot;px&quot;,&quot;size&quot;:1.1,&quot;sizes&quot;:[]},&quot;_transform_scale_effect_hover_tablet&quot;:{&quot;unit&quot;:&quot;px&quot;,&quot;size&quot;:&quot;&quot;,&quot;sizes&quot;:[]},&quot;_transform_scale_effect_hover_mobile&quot;:{&quot;unit&quot;:&quot;px&quot;,&quot;size&quot;:&quot;&quot;,&quot;sizes&quot;:[]}}\" data-widget_type=\"image.default\">\n\t\t\t\t<div class=\"elementor-widget-container\">\n\t\t\t\t\t\t\t\t\t\t\t\t\t\t<a href=\"https:\/\/bowlingclub.wki.pl\/regulamin\/\">\n\t\t\t\t\t\t\t<img fetchpriority=\"high\" decoding=\"async\" width=\"680\" height=\"680\" src=\"https:\/\/bowlingclub.info\/wp-content\/uploads\/2023\/01\/reg-1.png\" class=\"attachment-large size-large wp-image-379\" alt=\"\" srcset=\"https:\/\/bowlingclub.info\/wp-content\/uploads\/2023\/01\/reg-1.png 680w, https:\/\/bowlingclub.info\/wp-content\/uploads\/2023\/01\/reg-1-300x300.png 300w, https:\/\/bowlingclub.info\/wp-content\/uploads\/2023\/01\/reg-1-150x150.png 150w\" sizes=\"(max-width: 680px) 100vw, 680px\" \/>\t\t\t\t\t\t\t\t<\/a>\n\t\t\t\t\t\t\t\t\t\t\t\t\t<\/div>\n\t\t\t\t<\/div>\n\t\t\t\t<div class=\"elementor-element elementor-element-71a6fc82 elementor-widget__width-inherit e-transform elementor-widget elementor-widget-button\" data-id=\"71a6fc82\" data-element_type=\"widget\" data-settings=\"{&quot;_transform_rotateZ_effect&quot;:{&quot;unit&quot;:&quot;px&quot;,&quot;size&quot;:-4,&quot;sizes&quot;:[]},&quot;_transform_rotateZ_effect_tablet&quot;:{&quot;unit&quot;:&quot;deg&quot;,&quot;size&quot;:&quot;&quot;,&quot;sizes&quot;:[]},&quot;_transform_rotateZ_effect_mobile&quot;:{&quot;unit&quot;:&quot;deg&quot;,&quot;size&quot;:&quot;&quot;,&quot;sizes&quot;:[]}}\" data-widget_type=\"button.default\">\n\t\t\t\t<div class=\"elementor-widget-container\">\n\t\t\t\t\t\t\t<div class=\"elementor-button-wrapper\">\n\t\t\t\t\t<a class=\"elementor-button elementor-button-link elementor-size-lg\" href=\"https:\/\/bowlingclub.info\/?page_id=361\">\n\t\t\t\t\t\t<span class=\"elementor-button-content-wrapper\">\n\t\t\t\t\t\t\t\t\t<span class=\"elementor-button-text\">REGULAMIN<\/span>\n\t\t\t\t\t<\/span>\n\t\t\t\t\t<\/a>\n\t\t\t\t<\/div>\n\t\t\t\t\t\t<\/div>\n\t\t\t\t<\/div>\n\t\t\t\t\t<\/div>\n\t\t<\/div>\n\t\t\t\t<div class=\"elementor-column elementor-col-33 elementor-top-column elementor-element elementor-element-2f7c512a\" data-id=\"2f7c512a\" data-element_type=\"column\">\n\t\t\t<div class=\"elementor-widget-wrap elementor-element-populated\">\n\t\t\t\t\t\t<div class=\"elementor-element elementor-element-60d6d86d e-transform elementor-widget elementor-widget-image\" data-id=\"60d6d86d\" data-element_type=\"widget\" data-settings=\"{&quot;_transform_scale_effect_hover&quot;:{&quot;unit&quot;:&quot;px&quot;,&quot;size&quot;:1.1,&quot;sizes&quot;:[]},&quot;_transform_scale_effect_hover_tablet&quot;:{&quot;unit&quot;:&quot;px&quot;,&quot;size&quot;:&quot;&quot;,&quot;sizes&quot;:[]},&quot;_transform_scale_effect_hover_mobile&quot;:{&quot;unit&quot;:&quot;px&quot;,&quot;size&quot;:&quot;&quot;,&quot;sizes&quot;:[]}}\" data-widget_type=\"image.default\">\n\t\t\t\t<div class=\"elementor-widget-container\">\n\t\t\t\t\t\t\t\t\t\t\t\t\t<img decoding=\"async\" width=\"680\" height=\"680\" src=\"https:\/\/bowlingclub.info\/wp-content\/uploads\/2023\/01\/square-1.png\" class=\"attachment-large size-large wp-image-377\" alt=\"\" srcset=\"https:\/\/bowlingclub.info\/wp-content\/uploads\/2023\/01\/square-1.png 680w, https:\/\/bowlingclub.info\/wp-content\/uploads\/2023\/01\/square-1-300x300.png 300w, https:\/\/bowlingclub.info\/wp-content\/uploads\/2023\/01\/square-1-150x150.png 150w\" sizes=\"(max-width: 680px) 100vw, 680px\" \/>\t\t\t\t\t\t\t\t\t\t\t\t\t<\/div>\n\t\t\t\t<\/div>\n\t\t\t\t<div class=\"elementor-element elementor-element-1966c4b2 elementor-widget__width-inherit e-transform elementor-widget elementor-widget-button\" data-id=\"1966c4b2\" data-element_type=\"widget\" data-settings=\"{&quot;_transform_rotateZ_effect&quot;:{&quot;unit&quot;:&quot;px&quot;,&quot;size&quot;:-4,&quot;sizes&quot;:[]},&quot;_transform_rotateZ_effect_tablet&quot;:{&quot;unit&quot;:&quot;deg&quot;,&quot;size&quot;:&quot;&quot;,&quot;sizes&quot;:[]},&quot;_transform_rotateZ_effect_mobile&quot;:{&quot;unit&quot;:&quot;deg&quot;,&quot;size&quot;:&quot;&quot;,&quot;sizes&quot;:[]}}\" data-widget_type=\"button.default\">\n\t\t\t\t<div class=\"elementor-widget-container\">\n\t\t\t\t\t\t\t<div class=\"elementor-button-wrapper\">\n\t\t\t\t\t<a class=\"elementor-button elementor-button-link elementor-size-lg\" href=\"https:\/\/bowlingclub.info\/?page_id=529\">\n\t\t\t\t\t\t<span class=\"elementor-button-content-wrapper\">\n\t\t\t\t\t\t\t\t\t<span class=\"elementor-button-text\">CENNIK<\/span>\n\t\t\t\t\t<\/span>\n\t\t\t\t\t<\/a>\n\t\t\t\t<\/div>\n\t\t\t\t\t\t<\/div>\n\t\t\t\t<\/div>\n\t\t\t\t\t<\/div>\n\t\t<\/div>\n\t\t\t\t<div class=\"elementor-column elementor-col-33 elementor-top-column elementor-element elementor-element-627ef3bc\" data-id=\"627ef3bc\" data-element_type=\"column\">\n\t\t\t<div class=\"elementor-widget-wrap elementor-element-populated\">\n\t\t\t\t\t\t<div class=\"elementor-element elementor-element-1f460f11 e-transform elementor-widget elementor-widget-image\" data-id=\"1f460f11\" data-element_type=\"widget\" data-settings=\"{&quot;_transform_scale_effect_hover&quot;:{&quot;unit&quot;:&quot;px&quot;,&quot;size&quot;:1.1,&quot;sizes&quot;:[]},&quot;_transform_scale_effect_hover_tablet&quot;:{&quot;unit&quot;:&quot;px&quot;,&quot;size&quot;:&quot;&quot;,&quot;sizes&quot;:[]},&quot;_transform_scale_effect_hover_mobile&quot;:{&quot;unit&quot;:&quot;px&quot;,&quot;size&quot;:&quot;&quot;,&quot;sizes&quot;:[]}}\" data-widget_type=\"image.default\">\n\t\t\t\t<div class=\"elementor-widget-container\">\n\t\t\t\t\t\t\t\t\t\t\t\t\t<img decoding=\"async\" width=\"678\" height=\"625\" src=\"https:\/\/bowlingclub.info\/wp-content\/uploads\/2015\/07\/team1-1.jpg\" class=\"attachment-large size-large wp-image-26\" alt=\"\" srcset=\"https:\/\/bowlingclub.info\/wp-content\/uploads\/2015\/07\/team1-1.jpg 678w, https:\/\/bowlingclub.info\/wp-content\/uploads\/2015\/07\/team1-1-300x277.jpg 300w\" sizes=\"(max-width: 678px) 100vw, 678px\" \/>\t\t\t\t\t\t\t\t\t\t\t\t\t<\/div>\n\t\t\t\t<\/div>\n\t\t\t\t<div class=\"elementor-element elementor-element-5302b66f elementor-widget__width-inherit e-transform elementor-widget elementor-widget-button\" data-id=\"5302b66f\" data-element_type=\"widget\" data-settings=\"{&quot;_transform_rotateZ_effect&quot;:{&quot;unit&quot;:&quot;px&quot;,&quot;size&quot;:-4,&quot;sizes&quot;:[]},&quot;_transform_rotateZ_effect_tablet&quot;:{&quot;unit&quot;:&quot;deg&quot;,&quot;size&quot;:&quot;&quot;,&quot;sizes&quot;:[]},&quot;_transform_rotateZ_effect_mobile&quot;:{&quot;unit&quot;:&quot;deg&quot;,&quot;size&quot;:&quot;&quot;,&quot;sizes&quot;:[]}}\" data-widget_type=\"button.default\">\n\t\t\t\t<div class=\"elementor-widget-container\">\n\t\t\t\t\t\t\t<div class=\"elementor-button-wrapper\">\n\t\t\t\t\t<a class=\"elementor-button elementor-button-link elementor-size-lg\" href=\"https:\/\/bowlingclub.info\/?page_id=531\">\n\t\t\t\t\t\t<span class=\"elementor-button-content-wrapper\">\n\t\t\t\t\t\t\t\t\t<span class=\"elementor-button-text\">REZERWACJE<\/span>\n\t\t\t\t\t<\/span>\n\t\t\t\t\t<\/a>\n\t\t\t\t<\/div>\n\t\t\t\t\t\t<\/div>\n\t\t\t\t<\/div>\n\t\t\t\t\t<\/div>\n\t\t<\/div>\n\t\t\t\t\t<\/div>\n\t\t<\/section>\n\t\t\t\t\t\t\t<\/div>\n\t\t\t\t<\/div>\n\t\t\t\t<\/div>\n\t\t\t\t<\/div>\n\t\t\t\t<\/div>\n\t\t\t\t\t<\/div>\n\t\t<\/div>\n\t\t\t\t\t<\/div>\n\t\t<\/section>\n\t\t\t\t<section class=\"elementor-section elementor-top-section elementor-element elementor-element-b624713 elementor-section-boxed elementor-section-height-default elementor-section-height-default\" data-id=\"b624713\" data-element_type=\"section\">\n\t\t\t\t\t\t<div class=\"elementor-container elementor-column-gap-default\">\n\t\t\t\t\t<div class=\"elementor-column elementor-col-50 elementor-top-column elementor-element elementor-element-1cee8fc\" data-id=\"1cee8fc\" data-element_type=\"column\">\n\t\t\t<div class=\"elementor-widget-wrap elementor-element-populated\">\n\t\t\t\t\t\t<div class=\"elementor-element elementor-element-ba298b0 elementor-widget elementor-widget-heading\" data-id=\"ba298b0\" data-element_type=\"widget\" data-widget_type=\"heading.default\">\n\t\t\t\t<div class=\"elementor-widget-container\">\n\t\t\t<h2 class=\"elementor-heading-title elementor-size-default\">O klubie<\/h2>\t\t<\/div>\n\t\t\t\t<\/div>\n\t\t\t\t<div class=\"elementor-element elementor-element-50cebbf elementor-widget elementor-widget-text-editor\" data-id=\"50cebbf\" data-element_type=\"widget\" data-widget_type=\"text-editor.default\">\n\t\t\t\t<div class=\"elementor-widget-container\">\n\t\t\t\t\t\t\t<p>Witaj na stronie internetowej Bowling Club! Jeste\u015bmy pasjonatami kr\u0119gli i oferujemy Ci niepowtarzaln\u0105 okazj\u0119 do prze\u017cycia niezapomnianych chwil w naszym klubie bowlingowym. Nasza strona to centralne \u017ar\u00f3d\u0142o informacji na temat wszystkich naszych atrakcji i us\u0142ug.<\/p>\t\t\t\t\t\t<\/div>\n\t\t\t\t<\/div>\n\t\t\t\t<div class=\"elementor-element elementor-element-fb2f33b elementor-widget elementor-widget-image\" data-id=\"fb2f33b\" data-element_type=\"widget\" data-widget_type=\"image.default\">\n\t\t\t\t<div class=\"elementor-widget-container\">\n\t\t\t\t\t\t\t\t\t\t\t\t\t<img decoding=\"async\" width=\"678\" height=\"625\" src=\"https:\/\/bowlingclub.info\/wp-content\/uploads\/2015\/07\/team1-1.jpg\" class=\"attachment-large size-large wp-image-26\" alt=\"\" srcset=\"https:\/\/bowlingclub.info\/wp-content\/uploads\/2015\/07\/team1-1.jpg 678w, https:\/\/bowlingclub.info\/wp-content\/uploads\/2015\/07\/team1-1-300x277.jpg 300w\" sizes=\"(max-width: 678px) 100vw, 678px\" \/>\t\t\t\t\t\t\t\t\t\t\t\t\t<\/div>\n\t\t\t\t<\/div>\n\t\t\t\t\t<\/div>\n\t\t<\/div>\n\t\t\t\t<div class=\"elementor-column elementor-col-50 elementor-top-column elementor-element elementor-element-9fdd18e\" data-id=\"9fdd18e\" data-element_type=\"column\">\n\t\t\t<div class=\"elementor-widget-wrap elementor-element-populated\">\n\t\t\t\t\t\t<div class=\"elementor-element elementor-element-37b142c elementor-widget elementor-widget-heading\" data-id=\"37b142c\" data-element_type=\"widget\" data-widget_type=\"heading.default\">\n\t\t\t\t<div class=\"elementor-widget-container\">\n\t\t\t<h2 class=\"elementor-heading-title elementor-size-default\">Godziny otwarcia klubu:<\/h2>\t\t<\/div>\n\t\t\t\t<\/div>\n\t\t\t\t<div class=\"elementor-element elementor-element-8c5b63f pp-table-center elementor-widget elementor-widget-pp-table\" data-id=\"8c5b63f\" data-element_type=\"widget\" data-settings=\"{&quot;table_type&quot;:&quot;responsive&quot;,&quot;scrollable&quot;:&quot;no&quot;,&quot;tooltip_trigger&quot;:&quot;hover&quot;,&quot;tooltip_size&quot;:&quot;default&quot;,&quot;tooltip_arrow&quot;:&quot;yes&quot;,&quot;tooltip_animation&quot;:&quot;fade&quot;,&quot;tooltip_display_on&quot;:&quot;text&quot;,&quot;tooltip_distance&quot;:{&quot;unit&quot;:&quot;px&quot;,&quot;size&quot;:&quot;&quot;,&quot;sizes&quot;:[]},&quot;tooltip_zindex&quot;:99,&quot;tooltip_width&quot;:{&quot;unit&quot;:&quot;px&quot;,&quot;size&quot;:&quot;&quot;,&quot;sizes&quot;:[]}}\" data-widget_type=\"pp-table.default\">\n\t\t\t\t<div class=\"elementor-widget-container\">\n\t\t\t\t\t<div class=\"pp-table-container\">\n\t\t\t<table \n\t\t\tclass=\"pp-table tablesaw\" data-tablesaw-mode=\"stack\"\t\t\t\t>\n\t\t\t\t\t\t\t<colgroup>\n\t\t\t\t\t\t\t\t<col\n\t\t\t\t\tspan=\"1\"\n\t\t\t\t\tclass=\"elementor-repeater-item-2d8194d\"\n\t\t\t\t\t\t\t\t\t\t\tstyle=\"\n\t\t\t\t\t\t\t\t\t\t\t\t\t\t\t\t\t\t\t\t\"\n\t\t\t\t\t\t\t\t\t\t>\n\t\t\t\t\t\t\t<\/colgroup>\n\t\t\t\t\t\t<thead>\n\t\t\t\t<tr class=\"pp-table-row\">\n\t\t\t\t\t<th class=\"pp-table-cell pp-table-cell-dd273f9\"><span class=\"pp-table-cell-content\"><span class=\"pp-table-cell-text\">Dzie\u0144 tygodnia<\/span><\/span><\/th><th class=\"pp-table-cell pp-table-cell-b5a73ec\"><span class=\"pp-table-cell-content\"><span class=\"pp-table-cell-text\">Godziny otwarcia<\/span><\/span><\/th>\t\t\t\t<\/tr>\n\t\t\t<\/thead>\n\t\t\t\t\t<tfoot>\n\t\t\t<td class=\"pp-table-cell pp-table-cell-0ea5e15\" colspan=\"2\"><span class=\"pp-table-cell-content\"><span class=\"pp-table-cell-text\">Zni\u017cki 10% z legitymacj\u0105 PZK oraz student\u00f3w obowi\u0105zuj\u0105\n\nPoniedzia\u0142ek - Czwartek<\/span><\/span><\/td><\/tr>\t\t<\/tfoot>\n\t\t\t\t<tbody>\n\t\t\t<tr ><td class=\"pp-table-cell pp-table-cell-c7b5ea7\"><span class=\"pp-table-cell-content\"><span class=\"pp-table-cell-text\">Poniedzia\u0142ek \u2013 Czwartek<\/span><\/span><\/td><td class=\"pp-table-cell pp-table-cell-923cd72\"><span class=\"pp-table-cell-content\"><span class=\"pp-table-cell-text\">16:00 - 22:00<\/span><\/span><\/td><\/tr><tr ><td class=\"pp-table-cell pp-table-cell-2024248\"><span class=\"pp-table-cell-content\"><span class=\"pp-table-cell-text\">Pi\u0105tek<\/span><\/span><\/td><td class=\"pp-table-cell pp-table-cell-ea78a4d\"><span class=\"pp-table-cell-content\"><span class=\"pp-table-cell-text\">16:00 - 23:00<\/span><\/span><\/td><\/tr><tr ><td class=\"pp-table-cell pp-table-cell-48f7064\"><span class=\"pp-table-cell-content\"><span class=\"pp-table-cell-text\">Sobota<\/span><\/span><\/td><td class=\"pp-table-cell pp-table-cell-4a5c883\"><span class=\"pp-table-cell-content\"><span class=\"pp-table-cell-text\">14:00 - 23:00<\/span><\/span><\/td><\/tr><tr ><td class=\"pp-table-cell pp-table-cell-37f22e5\"><span class=\"pp-table-cell-content\"><span class=\"pp-table-cell-text\">Niedziela<\/span><\/span><\/td><td class=\"pp-table-cell pp-table-cell-366fb77\"><span class=\"pp-table-cell-content\"><span class=\"pp-table-cell-text\">14:00 - 22:00<\/span><\/span><\/td><\/tr>\t\t<\/tbody>\n\t\t\t\t\t<\/table>\n\t\t<\/div>\n\t\t\t\t<\/div>\n\t\t\t\t<\/div>\n\t\t\t\t<div class=\"elementor-element elementor-element-d6930ea elementor-widget elementor-widget-heading\" data-id=\"d6930ea\" data-element_type=\"widget\" data-widget_type=\"heading.default\">\n\t\t\t\t<div class=\"elementor-widget-container\">\n\t\t\t<h2 class=\"elementor-heading-title elementor-size-default\">Galeria<\/h2>\t\t<\/div>\n\t\t\t\t<\/div>\n\t\t\t\t<div class=\"elementor-element elementor-element-d4f664d elementor-widget elementor-widget-wp-widget-ngg-images\" data-id=\"d4f664d\" data-element_type=\"widget\" data-widget_type=\"wp-widget-ngg-images.default\">\n\t\t\t\t<div class=\"elementor-widget-container\">\n\t\t\t<div class=\"hslice\" id=\"ngg-webslice\"><h5>&nbsp;<\/h5><div class=\"ngg-widget entry-content\">\n\t\t\t<a href=\"https:\/\/bowlingclub.info\/wp-content\/gallery\/budowa\/003.jpg\"\n\t\t\ttitle=\" \"\n\t\t\tdata-image-id='1'\n\t\t\tclass=\"ngg-simplelightbox\" rel=\"3db426dc2e646fb4d5153da508cf1f12\"\t\t\t><img title=\"003\"\n\t\t\t\talt=\"003\"\n\t\t\t\tsrc=\"https:\/\/bowlingclub.info\/wp-content\/gallery\/budowa\/thumbs\/thumbs_003.jpg\"\n\t\t\t\twidth=\"215\"\n\t\t\t\theight=\"75\"\n\t\t\t\/><\/a>\n\t\t\t<a href=\"https:\/\/bowlingclub.info\/wp-content\/gallery\/budowa\/002.jpg\"\n\t\t\ttitle=\" \"\n\t\t\tdata-image-id='3'\n\t\t\tclass=\"ngg-simplelightbox\" rel=\"3db426dc2e646fb4d5153da508cf1f12\"\t\t\t><img title=\"002\"\n\t\t\t\talt=\"002\"\n\t\t\t\tsrc=\"https:\/\/bowlingclub.info\/wp-content\/gallery\/budowa\/thumbs\/thumbs_002.jpg\"\n\t\t\t\twidth=\"215\"\n\t\t\t\theight=\"75\"\n\t\t\t\/><\/a>\n\t\t\t<a href=\"https:\/\/bowlingclub.info\/wp-content\/gallery\/budowa\/001.jpg\"\n\t\t\ttitle=\" \"\n\t\t\tdata-image-id='2'\n\t\t\tclass=\"ngg-simplelightbox\" rel=\"3db426dc2e646fb4d5153da508cf1f12\"\t\t\t><img title=\"001\"\n\t\t\t\talt=\"001\"\n\t\t\t\tsrc=\"https:\/\/bowlingclub.info\/wp-content\/gallery\/budowa\/thumbs\/thumbs_001.jpg\"\n\t\t\t\twidth=\"215\"\n\t\t\t\theight=\"75\"\n\t\t\t\/><\/a>\n\t<\/div>\n\n<\/div>\t\t<\/div>\n\t\t\t\t<\/div>\n\t\t\t\t\t<\/div>\n\t\t<\/div>\n\t\t\t\t\t<\/div>\n\t\t<\/section>\n\t\t\t\t<section class=\"elementor-section elementor-top-section elementor-element elementor-element-ec32c36 elementor-section-boxed elementor-section-height-default elementor-section-height-default\" data-id=\"ec32c36\" data-element_type=\"section\">\n\t\t\t\t\t\t<div class=\"elementor-container elementor-column-gap-default\">\n\t\t\t\t\t<div class=\"elementor-column elementor-col-100 elementor-top-column elementor-element elementor-element-cb68cad\" data-id=\"cb68cad\" data-element_type=\"column\">\n\t\t\t<div class=\"elementor-widget-wrap elementor-element-populated\">\n\t\t\t\t\t\t<div class=\"elementor-element elementor-element-d7fbb86 elementor-widget elementor-widget-heading\" data-id=\"d7fbb86\" data-element_type=\"widget\" data-widget_type=\"heading.default\">\n\t\t\t\t<div class=\"elementor-widget-container\">\n\t\t\t<h2 class=\"elementor-heading-title elementor-size-default\">Aktualno\u015bci<\/h2>\t\t<\/div>\n\t\t\t\t<\/div>\n\t\t\t\t\t<\/div>\n\t\t<\/div>\n\t\t\t\t\t<\/div>\n\t\t<\/section>\n\t\t<div class=\"elementor-element elementor-element-6af3a41 e-flex e-con-boxed e-con e-parent\" data-id=\"6af3a41\" data-element_type=\"container\">\n\t\t\t\t\t<div class=\"e-con-inner\">\n\t\t\t\t<div class=\"elementor-element elementor-element-c317c3e elementor-widget elementor-widget-html\" data-id=\"c317c3e\" data-element_type=\"widget\" data-widget_type=\"html.default\">\n\t\t\t\t<div class=\"elementor-widget-container\">\n\t\t\t<script src=\"https:\/\/static.elfsight.com\/platform\/platform.js\" async><\/script>\r\n<div class=\"elfsight-app-099ec621-f5aa-45ca-82eb-71b4297cb037\" data-elfsight-app-lazy><\/div>\t\t<\/div>\n\t\t\t\t<\/div>\n\t\t\t\t\t<\/div>\n\t\t\t\t<\/div>\n\t\t\t\t<\/div>\n\t\t","protected":false},"excerpt":{"rendered":"<p>O klubie Witaj na stronie internetowej Bowling Club! Jeste\u015bmy pasjonatami kr\u0119gli i oferujemy Ci niepowtarzaln\u0105 okazj\u0119 do prze\u017cycia niezapomnianych chwil w naszym klubie bowlingowym. Nasza strona to centralne \u017ar\u00f3d\u0142o informacji na temat wszystkich naszych atrakcji i us\u0142ug. Godziny otwarcia klubu: Dzie\u0144 tygodnia Godziny otwarcia Zni\u017cki 10% z legitymacj\u0105 PZK oraz student\u00f3w obowi\u0105zuj\u0105 Poniedzia\u0142ek &#8211; Czwartek [&hellip;]<\/p>\n","protected":false},"author":1,"featured_media":0,"parent":0,"menu_order":0,"comment_status":"closed","ping_status":"closed","template":"","meta":{"ngg_post_thumbnail":0,"footnotes":""},"class_list":["post-176","page","type-page","status-publish","hentry"],"_links":{"self":[{"href":"https:\/\/bowlingclub.info\/index.php?rest_route=\/wp\/v2\/pages\/176","targetHints":{"allow":["GET"]}}],"collection":[{"href":"https:\/\/bowlingclub.info\/index.php?rest_route=\/wp\/v2\/pages"}],"about":[{"href":"https:\/\/bowlingclub.info\/index.php?rest_route=\/wp\/v2\/types\/page"}],"author":[{"embeddable":true,"href":"https:\/\/bowlingclub.info\/index.php?rest_route=\/wp\/v2\/users\/1"}],"replies":[{"embeddable":true,"href":"https:\/\/bowlingclub.info\/index.php?rest_route=%2Fwp%2Fv2%2Fcomments&post=176"}],"version-history":[{"count":151,"href":"https:\/\/bowlingclub.info\/index.php?rest_route=\/wp\/v2\/pages\/176\/revisions"}],"predecessor-version":[{"id":689,"href":"https:\/\/bowlingclub.info\/index.php?rest_route=\/wp\/v2\/pages\/176\/revisions\/689"}],"wp:attachment":[{"href":"https:\/\/bowlingclub.info\/index.php?rest_route=%2Fwp%2Fv2%2Fmedia&parent=176"}],"curies":[{"name":"wp","href":"https:\/\/api.w.org\/{rel}","templated":true}]}}